{"id":241637,"date":"2024-02-01T10:41:01","date_gmt":"2024-02-01T10:41:01","guid":{"rendered":"https:\/\/seelen.nl\/karriere\/"},"modified":"2025-09-22T13:09:19","modified_gmt":"2025-09-22T13:09:19","slug":"karriere","status":"publish","type":"page","link":"https:\/\/seelen.nl\/de\/karriere\/","title":{"rendered":"Karriere"},"content":{"rendered":"<p>[et_pb_section fb_built=&#8220;1&#8243; module_class=&#8220;hero-custom-section&#8220; _builder_version=&#8220;4.20.2&#8243; _module_preset=&#8220;default&#8220; custom_padding=&#8220;0px|20px||20px|false|true&#8220; locked=&#8220;off&#8220; global_colors_info=&#8220;{}&#8220;][et_pb_row column_structure=&#8220;1_2,1_2&#8243; use_custom_gutter=&#8220;on&#8220; gutter_width=&#8220;1&#8243; make_equal=&#8220;on&#8220; custom_padding_last_edited=&#8220;on|tablet&#8220; module_class=&#8220;hero-custom-row&#8220; _builder_version=&#8220;4.27.4&#8243; _module_preset=&#8220;default&#8220; background_image=&#8220;https:\/\/seelen.nl\/wp-content\/uploads\/2025\/05\/Seelen-werkenbij.webp&#8220; background_position=&#8220;center_left&#8220; width=&#8220;100%&#8220; max_width=&#8220;100%&#8220; custom_margin=&#8220;||||false|false&#8220; custom_padding=&#8220;400px|0px|50px|50px|false|false&#8220; custom_padding_tablet=&#8220;400px|40px|40px|40px|false|true&#8220; custom_padding_phone=&#8220;350px|20px|20px|20px|false|true&#8220; custom_css_main_element=&#8220;align-items:center;||&#8220; border_radii=&#8220;off|||30px|30px&#8220; global_colors_info=&#8220;{}&#8220;][et_pb_column type=&#8220;1_2&#8243; _builder_version=&#8220;4.20.2&#8243; _module_preset=&#8220;default&#8220; global_colors_info=&#8220;{}&#8220;][et_pb_text _builder_version=&#8220;4.27.4&#8243; _module_preset=&#8220;default&#8220; header_font=&#8220;Plus Jakarta Sans||||||||&#8220; header_text_color=&#8220;#FFFFFF&#8220; header_font_size=&#8220;75px&#8220; header_letter_spacing=&#8220;-5px&#8220; header_line_height=&#8220;1.1em&#8220; custom_margin=&#8220;||18px||false|false&#8220; header_font_size_tablet=&#8220;80px&#8220; header_font_size_phone=&#8220;42px&#8220; header_font_size_last_edited=&#8220;on|tablet&#8220; header_letter_spacing_tablet=&#8220;-4px&#8220; header_letter_spacing_phone=&#8220;-2px&#8220; header_letter_spacing_last_edited=&#8220;on|tablet&#8220; locked=&#8220;off&#8220; global_colors_info=&#8220;{}&#8220;]<\/p>\n<h1>Arbeiten <em><span style=\"font-family: 'Nanum Myeongjo';\">bei<\/span><\/em><\/h1>\n<p>[\/et_pb_text][\/et_pb_column][et_pb_column type=&#8220;1_2&#8243; _builder_version=&#8220;4.20.2&#8243; _module_preset=&#8220;default&#8220; global_colors_info=&#8220;{}&#8220;][dipi_breadcrumbs bc_separator_icon=&#8220;&#x35;||divi||400&#8243; bc_items_alignment=&#8220;dipi-bc-center&#8220; bc_separator_color=&#8220;#000000&#8243; _builder_version=&#8220;4.20.2&#8243; _module_preset=&#8220;default&#8220; items_font=&#8220;Plus Jakarta Sans||||||||&#8220; items_text_color=&#8220;#000000&#8243; background_color=&#8220;#FFFFFF&#8220; transform_scale_tablet=&#8220;&#8220; transform_scale_phone=&#8220;&#8220; transform_scale_last_edited=&#8220;on|desktop&#8220; transform_translate_tablet=&#8220;&#8220; transform_translate_phone=&#8220;&#8220; transform_translate_last_edited=&#8220;on|desktop&#8220; transform_rotate=&#8220;0deg|0deg|90deg&#8220; transform_rotate_tablet=&#8220;0deg|0deg|0deg&#8220; transform_rotate_phone=&#8220;0deg|0deg|0deg&#8220; transform_rotate_last_edited=&#8220;on|tablet&#8220; transform_skew_tablet=&#8220;&#8220; transform_skew_phone=&#8220;&#8220; transform_skew_last_edited=&#8220;on|desktop&#8220; transform_origin_tablet=&#8220;&#8220; transform_origin_phone=&#8220;&#8220; transform_origin_last_edited=&#8220;on|desktop&#8220; position_origin_a=&#8220;top_right&#8220; vertical_offset=&#8220;-40px&#8220; vertical_offset_tablet=&#8220;-40px&#8220; vertical_offset_phone=&#8220;-40px&#8220; vertical_offset_last_edited=&#8220;on|desktop&#8220; horizontal_offset_tablet=&#8220;&#8220; horizontal_offset_phone=&#8220;&#8220; horizontal_offset_last_edited=&#8220;on|desktop&#8220; position_origin_a_last_edited=&#8220;off|desktop&#8220; position_origin_f_last_edited=&#8220;off|desktop&#8220; position_origin_r_last_edited=&#8220;off|desktop&#8220; max_width_tablet=&#8220;&#8220; max_width_phone=&#8220;225px&#8220; max_width_last_edited=&#8220;on|tablet&#8220; module_alignment=&#8220;right&#8220; custom_padding=&#8220;5px|20px|5px|20px|true|true&#8220; items_font_size_tablet=&#8220;&#8220; items_font_size_phone=&#8220;12px&#8220; items_font_size_last_edited=&#8220;on|phone&#8220; positioning_last_edited=&#8220;off|desktop&#8220; module_alignment_tablet=&#8220;left&#8220; module_alignment_phone=&#8220;left&#8220; module_alignment_last_edited=&#8220;on|tablet&#8220; custom_css_main_element=&#8220;border-radius:100px;||max-width: fit-content;||margin-left: auto;&#8220; locked=&#8220;off&#8220; global_colors_info=&#8220;{}&#8220; custom_css_main_element_tablet=&#8220;border-radius:100px;||max-width: fit-content;||margin-right: auto;&#8220; custom_css_main_element_phone=&#8220;border-radius:100px;||max-width: fit-content;||margin-right: auto;&#8220; custom_css_main_element_last_edited=&#8220;on|desktop&#8220; disabled_on=&#8220;on|on|off&#8220;][\/dipi_breadcrumbs][et_pb_icon font_icon=&#8220;&#x33;||divi||400&#8243; icon_color=&#8220;#000000&#8243; icon_width=&#8220;32px&#8220; url=&#8220;#scroll-page&#8220; align=&#8220;right&#8220; icon_width_tablet=&#8220;30px&#8220; icon_width_phone=&#8220;25px&#8220; icon_width_last_edited=&#8220;on|phone&#8220; _builder_version=&#8220;4.20.2&#8243; _module_preset=&#8220;default&#8220; background_color=&#8220;#FFFFFF&#8220; custom_margin=&#8220;100px|67px|||false|false&#8220; custom_margin_tablet=&#8220;-40px|0px|||false|false&#8220; custom_margin_phone=&#8220;-40px|0px|||false|false&#8220; custom_margin_last_edited=&#8220;on|tablet&#8220; custom_padding=&#8220;5px|5px|5px|5px|true|true&#8220; border_radii=&#8220;on|100px|100px|100px|100px&#8220; global_colors_info=&#8220;{}&#8220; disabled_on=&#8220;on|on|off&#8220;][\/et_pb_icon][\/et_pb_column][\/et_pb_row][\/et_pb_section][et_pb_section fb_built=&#8220;1&#8243; module_id=&#8220;scroll-page&#8220; _builder_version=&#8220;4.20.2&#8243; _module_preset=&#8220;default&#8220; custom_padding=&#8220;0px||||false|false&#8220; locked=&#8220;off&#8220; global_colors_info=&#8220;{}&#8220;][et_pb_row _builder_version=&#8220;4.20.2&#8243; _module_preset=&#8220;default&#8220; max_width=&#8220;1140px&#8220; global_colors_info=&#8220;{}&#8220;][et_pb_column type=&#8220;4_4&#8243; _builder_version=&#8220;4.20.2&#8243; _module_preset=&#8220;default&#8220; global_colors_info=&#8220;{}&#8220;][et_pb_text _builder_version=&#8220;4.27.4&#8243; _module_preset=&#8220;default&#8220; text_font=&#8220;Plus Jakarta Sans||||||||&#8220; text_text_color=&#8220;#000000&#8243; text_font_size=&#8220;63px&#8220; text_letter_spacing=&#8220;-3px&#8220; text_line_height=&#8220;1.2em&#8220; text_orientation=&#8220;center&#8220; text_font_size_tablet=&#8220;55px&#8220; text_font_size_phone=&#8220;35px&#8220; text_font_size_last_edited=&#8220;on|tablet&#8220; global_colors_info=&#8220;{}&#8220;]<\/p>\n<p>Karriere<br \/><em><span style=\"font-family: 'Nanum Myeongjo';\">Hendrix &amp; Seelen<\/span><\/em><\/p>\n<p>[\/et_pb_text][et_pb_image src=&#8220;https:\/\/seelen.nl\/wp-content\/uploads\/2024\/12\/Favicon.png&#8220; title_text=&#8220;Favicon&#8220; align=&#8220;center&#8220; _builder_version=&#8220;4.27.4&#8243; _module_preset=&#8220;default&#8220; max_width=&#8220;7%&#8220; global_colors_info=&#8220;{}&#8220;][\/et_pb_image][\/et_pb_column][\/et_pb_row][et_pb_row column_structure=&#8220;1_2,1_2&#8243; use_custom_gutter=&#8220;on&#8220; gutter_width=&#8220;2&#8243; make_equal=&#8220;on&#8220; _builder_version=&#8220;4.27.4&#8243; _module_preset=&#8220;default&#8220; width=&#8220;85%&#8220; custom_padding=&#8220;40px||||false|false&#8220; global_colors_info=&#8220;{}&#8220;][et_pb_column type=&#8220;1_2&#8243; _builder_version=&#8220;4.27.4&#8243; _module_preset=&#8220;default&#8220; use_background_color_gradient=&#8220;on&#8220; background_color_gradient_direction=&#8220;185deg&#8220; background_color_gradient_stops=&#8220;rgba(255,255,255,0) 50%|rgba(0,0,0,0.45) 100%&#8220; background_color_gradient_overlays_image=&#8220;on&#8220; background_image=&#8220;https:\/\/seelen.nl\/wp-content\/uploads\/2025\/05\/Seelen-werkenbij-2.webp&#8220; custom_padding=&#8220;30px|30px|30px|30px|true|true&#8220; scroll_rotating=&#8220;0|50|50|100|0\u00b0|0|5\u00b0&#8220; custom_css_main_element=&#8220;display:flex;||flex-direction:column;&#8220; border_radii=&#8220;on|30px|30px|30px|30px&#8220; global_colors_info=&#8220;{}&#8220; custom_css_main_element_last_edited=&#8220;on|phone&#8220; custom_css_main_element_phone=&#8220;.&#8220; custom_css_main_element_tablet=&#8220;.&#8220;][et_pb_image src=&#8220;https:\/\/seelen.nl\/wp-content\/uploads\/2025\/05\/Label-telers-2.png&#8220; title_text=&#8220;Label-telers-2&#8243; _builder_version=&#8220;4.27.4&#8243; _module_preset=&#8220;default&#8220; width=&#8220;120px&#8220; max_width_tablet=&#8220;120px&#8220; max_width_phone=&#8220;80px&#8220; max_width_last_edited=&#8220;on|phone&#8220; custom_margin=&#8220;auto||||false|false&#8220; scroll_rotating_enable=&#8220;on&#8220; global_colors_info=&#8220;{}&#8220;][\/et_pb_image][et_pb_text _builder_version=&#8220;4.27.4&#8243; _module_preset=&#8220;default&#8220; header_font=&#8220;Plus Jakarta Sans||||||||&#8220; header_text_color=&#8220;#FFFFFF&#8220; header_font_size=&#8220;60px&#8220; header_letter_spacing=&#8220;-5px&#8220; header_2_font=&#8220;Plus Jakarta Sans||||||||&#8220; header_2_text_color=&#8220;#FFFFFF&#8220; header_2_font_size=&#8220;60px&#8220; header_2_letter_spacing=&#8220;-5px&#8220; max_width=&#8220;650px&#8220; custom_margin=&#8220;||18px||false|false&#8220; header_font_size_tablet=&#8220;60px&#8220; header_font_size_phone=&#8220;40px&#8220; header_font_size_last_edited=&#8220;on|phone&#8220; header_letter_spacing_tablet=&#8220;-5px&#8220; header_letter_spacing_phone=&#8220;-2px&#8220; header_letter_spacing_last_edited=&#8220;on|phone&#8220; header_2_font_size_tablet=&#8220;60px&#8220; header_2_font_size_phone=&#8220;40px&#8220; header_2_font_size_last_edited=&#8220;on|desktop&#8220; header_2_letter_spacing_tablet=&#8220;-5px&#8220; header_2_letter_spacing_phone=&#8220;-2px&#8220; header_2_letter_spacing_last_edited=&#8220;on|phone&#8220; locked=&#8220;off&#8220; global_colors_info=&#8220;{}&#8220;]<\/p>\n<h2>Ausgerichtet auf das<br \/><em><span style=\"font-family: 'Nanum Myeongjo';\">beste Ergebnis<\/span><\/em><\/h2>\n<p>[\/et_pb_text][\/et_pb_column][et_pb_column type=&#8220;1_2&#8243; _builder_version=&#8220;4.20.2&#8243; _module_preset=&#8220;default&#8220; custom_padding=&#8220;30px|30px|30px|30px|true|true&#8220; custom_padding_tablet=&#8220;30px|30px|30px|30px|true|true&#8220; custom_padding_phone=&#8220;20px|20px|20px|20px|true|true&#8220; custom_padding_last_edited=&#8220;on|phone&#8220; border_radii=&#8220;on|30px|30px|30px|30px&#8220; border_width_all=&#8220;1px&#8220; border_color_all=&#8220;#DEDDDC&#8220; global_colors_info=&#8220;{}&#8220;][et_pb_text _builder_version=&#8220;4.27.4&#8243; _module_preset=&#8220;default&#8220; header_4_font=&#8220;Plus Jakarta Sans||||||||&#8220; header_4_text_color=&#8220;#000000&#8243; header_4_font_size=&#8220;30px&#8220; header_4_letter_spacing=&#8220;-2px&#8220; header_4_line_height=&#8220;1.2em&#8220; custom_margin=&#8220;||||false|false&#8220; header_4_font_size_tablet=&#8220;40px&#8220; header_4_font_size_phone=&#8220;30px&#8220; header_4_font_size_last_edited=&#8220;on|phone&#8220; locked=&#8220;off&#8220; global_colors_info=&#8220;{}&#8220;]<\/p>\n<h4 class=\"p1\">Stellenangebote<\/h4>\n<p>[\/et_pb_text][et_pb_text _builder_version=&#8220;4.27.4&#8243; _module_preset=&#8220;default&#8220; text_font=&#8220;Plus Jakarta Sans||||||||&#8220; text_text_color=&#8220;#6F6E6E&#8220; text_font_size=&#8220;17px&#8220; text_line_height=&#8220;1.8em&#8220; link_text_color=&#8220;#216E00&#8243; module_alignment=&#8220;center&#8220; custom_margin=&#8220;||50px||false|false&#8220; global_colors_info=&#8220;{}&#8220;]<\/p>\n<p>Bei Seelen dreht sich alles um frisches Obst und Gem\u00fcse und um die Kunst, dieses schnell, clever und p\u00fcnktlich an Superm\u00e4rkte, Gro\u00dfh\u00e4ndler und andere Abnehmer zu liefern. Seit \u00fcber 100 Jahren sind wir das Bindeglied zwischen Erzeuger und Kunde, mit festen Produzenten in den Niederlanden, Spanien, Italien und der T\u00fcrkei, die exklusiv f\u00fcr uns anbauen.<\/p>\n<p>Wir sind ein modernes, innovatives Handelsunternehmen mit einem engagierten Team. Kein Tag ist wie der andere, und das macht die Arbeit abwechslungsreich und dynamisch. Wir investieren in Menschen, Technologie, Wachstum und suchen Kollegen, die daran teilhaben m\u00f6chten.<\/p>\n<p class=\"p1\"><strong>Aktuell haben wir keine offenen Stellen<\/strong>. M\u00f6chten Sie dennoch gerne bei Hendrix &amp; Seelen arbeiten? Eine Initiativbewerbung k\u00f6nnen Sie jederzeit einreichen. Senden Sie Ihren Lebenslauf und Ihr Motivationsschreiben an<a href=\"mailto:info@seelen.nl\"> info@seelen.nl<\/a> unter Angabe von \u201eInitiativbewerbung\u201c.<\/p>\n<p>[\/et_pb_text][\/et_pb_column][\/et_pb_row][\/et_pb_section]<\/p>\n","protected":false},"excerpt":{"rendered":"<p>Arbeiten bei<div class=\"et_pb_module dipi_breadcrumbs dipi_breadcrumbs_0\">\n\t\t\t\t\n\t\t\t\t\n\t\t\t\t\n\t\t\t\t\n\t\t\t\t\n\t\t\t\t\n\t\t\t\t<div class=\"et_pb_module_inner\">\n\t\t\t\t\t<div class=\"dipi-breadcrumbs &#8220;dipi-bc-center&#8220;\">\n                <ul >\n                    \n                                                        <li  class=\"dipi-breadcrumb-item dipi-breadcrumb-home\">\n\n                                                    <a  href=\"https:\/\/seelen.nl\/de\/\">\n                                <span  content=\"Home\">\n                                                                        Seelen groente &amp; fruit \ud83c\udf45\ud83e\udd52                                <\/span>\n                            <\/a>\n\n                                                <meta itemprop=\"position\" content=\"1\"\/>                    <\/li>\n\n                    <li class=\"dipi-breadcrumb-separator\">\n                    <span class=\"et-pb-icon dipi-separator-icon\"><\/span>\n                <\/li>                            \n                <\/ul>\n            <\/div>\n\t\t\t\t<\/div>\n\t\t\t<\/div><\/p>\n","protected":false},"author":1,"featured_media":0,"parent":0,"menu_order":0,"comment_status":"closed","ping_status":"closed","template":"","meta":{"_et_pb_use_builder":"on","_et_pb_old_content":"","_et_gb_content_width":"","footnotes":""},"dipi_cpt_category":[],"class_list":["post-241637","page","type-page","status-publish","hentry"],"_links":{"self":[{"href":"https:\/\/seelen.nl\/de\/wp-json\/wp\/v2\/pages\/241637","targetHints":{"allow":["GET"]}}],"collection":[{"href":"https:\/\/seelen.nl\/de\/wp-json\/wp\/v2\/pages"}],"about":[{"href":"https:\/\/seelen.nl\/de\/wp-json\/wp\/v2\/types\/page"}],"author":[{"embeddable":true,"href":"https:\/\/seelen.nl\/de\/wp-json\/wp\/v2\/users\/1"}],"replies":[{"embeddable":true,"href":"https:\/\/seelen.nl\/de\/wp-json\/wp\/v2\/comments?post=241637"}],"version-history":[{"count":1,"href":"https:\/\/seelen.nl\/de\/wp-json\/wp\/v2\/pages\/241637\/revisions"}],"predecessor-version":[{"id":241644,"href":"https:\/\/seelen.nl\/de\/wp-json\/wp\/v2\/pages\/241637\/revisions\/241644"}],"wp:attachment":[{"href":"https:\/\/seelen.nl\/de\/wp-json\/wp\/v2\/media?parent=241637"}],"wp:term":[{"taxonomy":"dipi_cpt_category","embeddable":true,"href":"https:\/\/seelen.nl\/de\/wp-json\/wp\/v2\/dipi_cpt_category?post=241637"}],"curies":[{"name":"wp","href":"https:\/\/api.w.org\/{rel}","templated":true}]}}